{"id":1076,"date":"2020-05-29T10:19:55","date_gmt":"2020-05-29T08:19:55","guid":{"rendered":"https:\/\/lorenbar.fr\/?page_id=1076"},"modified":"2026-04-15T15:26:10","modified_gmt":"2026-04-15T13:26:10","slug":"carte","status":"publish","type":"page","link":"https:\/\/lorenbar.fr\/index.php\/carte\/","title":{"rendered":"Carte &#038; Menus"},"content":{"rendered":"\t\t<div data-elementor-type=\"wp-page\" data-elementor-id=\"1076\" class=\"elementor elementor-1076\">\n\t\t\t\t\t\t<div class=\"elementor-inner\">\n\t\t\t\t<div class=\"elementor-section-wrap\">\n\t\t\t\t\t\t\t\t\t<section class=\"elementor-section elementor-top-section elementor-element elementor-element-8d43912 elementor-section-boxed elementor-section-height-default elementor-section-height-default\" data-id=\"8d43912\" data-element_type=\"section\">\n\t\t\t\t\t\t<div class=\"elementor-container elementor-column-gap-default\">\n\t\t\t\t\t\t\t<div class=\"elementor-row\">\n\t\t\t\t\t<div class=\"elementor-column elementor-col-100 elementor-top-column elementor-element elementor-element-1499bec\" data-id=\"1499bec\" data-element_type=\"column\">\n\t\t\t<div class=\"elementor-column-wrap elementor-element-populated\">\n\t\t\t\t\t\t\t<div class=\"elementor-widget-wrap\">\n\t\t\t\t\t\t<div class=\"elementor-element elementor-element-89ce63e elementor-widget elementor-widget-text-editor\" data-id=\"89ce63e\" data-element_type=\"widget\" data-widget_type=\"text-editor.default\">\n\t\t\t\t<div class=\"elementor-widget-container\">\n\t\t\t\t\t\t\t\t<div class=\"elementor-text-editor elementor-clearfix\">\n\t\t\t\t<h1>carte &amp; MENUS<\/h1>\t\t\t\t\t<\/div>\n\t\t\t\t\t\t<\/div>\n\t\t\t\t<\/div>\n\t\t\t\t\t\t<\/div>\n\t\t\t\t\t<\/div>\n\t\t<\/div>\n\t\t\t\t\t\t\t\t<\/div>\n\t\t\t\t\t<\/div>\n\t\t<\/section>\n\t\t\t\t<section class=\"elementor-section elementor-top-section elementor-element elementor-element-bbbf260 elementor-section-boxed elementor-section-height-default elementor-section-height-default\" data-id=\"bbbf260\" data-element_type=\"section\">\n\t\t\t\t\t\t<div class=\"elementor-container elementor-column-gap-default\">\n\t\t\t\t\t\t\t<div class=\"elementor-row\">\n\t\t\t\t\t<div class=\"elementor-column elementor-col-100 elementor-top-column elementor-element elementor-element-7c7795e\" data-id=\"7c7795e\" data-element_type=\"column\">\n\t\t\t<div class=\"elementor-column-wrap elementor-element-populated\">\n\t\t\t\t\t\t\t<div class=\"elementor-widget-wrap\">\n\t\t\t\t\t\t<div class=\"elementor-element elementor-element-4197124 elementor-widget elementor-widget-text-editor\" data-id=\"4197124\" data-element_type=\"widget\" data-widget_type=\"text-editor.default\">\n\t\t\t\t<div class=\"elementor-widget-container\">\n\t\t\t\t\t\t\t\t<div class=\"elementor-text-editor elementor-clearfix\">\n\t\t\t\t<p>Explorez notre carte et nos menus sp\u00e9ciaux, \u00e9labor\u00e9s avec des produits de qualit\u00e9 pour une exp\u00e9rience gourmande. Laissez-vous s\u00e9duire par des saveurs authentiques et accordez votre vin aux plats de votre choix pour sublimer chaque d\u00e9gustation.<\/p><p>Retrouvez \u00e9galement notre menu du jour sur place ou sur notre <a href=\"https:\/\/www.facebook.com\/lorenbar88\"><strong>page Facebook<\/strong><\/a>.<\/p>\t\t\t\t\t<\/div>\n\t\t\t\t\t\t<\/div>\n\t\t\t\t<\/div>\n\t\t\t\t\t\t<\/div>\n\t\t\t\t\t<\/div>\n\t\t<\/div>\n\t\t\t\t\t\t\t\t<\/div>\n\t\t\t\t\t<\/div>\n\t\t<\/section>\n\t\t\t\t<section class=\"elementor-section elementor-top-section elementor-element elementor-element-d1d7501 elementor-section-boxed elementor-section-height-default elementor-section-height-default\" data-id=\"d1d7501\" data-element_type=\"section\">\n\t\t\t\t\t\t<div class=\"elementor-container elementor-column-gap-default\">\n\t\t\t\t\t\t\t<div class=\"elementor-row\">\n\t\t\t\t\t<div class=\"elementor-column elementor-col-33 elementor-top-column elementor-element elementor-element-2ab47de\" data-id=\"2ab47de\" data-element_type=\"column\">\n\t\t\t<div class=\"elementor-column-wrap elementor-element-populated\">\n\t\t\t\t\t\t\t<div class=\"elementor-widget-wrap\">\n\t\t\t\t\t\t<div class=\"elementor-element elementor-element-a15aa14 elementor-widget elementor-widget-heading\" data-id=\"a15aa14\" data-element_type=\"widget\" data-widget_type=\"heading.default\">\n\t\t\t\t<div class=\"elementor-widget-container\">\n\t\t\t<h2 class=\"elementor-heading-title elementor-size-default\">La Carte<\/h2>\t\t<\/div>\n\t\t\t\t<\/div>\n\t\t\t\t<div class=\"elementor-element elementor-element-1e92518 elementor-widget elementor-widget-image\" data-id=\"1e92518\" data-element_type=\"widget\" data-widget_type=\"image.default\">\n\t\t\t\t<div class=\"elementor-widget-container\">\n\t\t\t\t\t\t\t\t<div class=\"elementor-image\">\n\t\t\t\t\t\t\t\t\t\t\t\t\t<a href=\"https:\/\/lorenbar.fr\/wp-content\/uploads\/2026\/02\/Carte-LOr-en-Bar-2025-Printemps-2026.pdf\" target=\"_blank\">\n\t\t\t\t\t\t\t<img loading=\"lazy\" decoding=\"async\" width=\"233\" height=\"300\" src=\"https:\/\/lorenbar.fr\/wp-content\/uploads\/2025\/02\/La-Carte-LOr-en-Bar-233x300.png\" class=\"attachment-medium size-medium\" alt=\"\" srcset=\"https:\/\/lorenbar.fr\/wp-content\/uploads\/2025\/02\/La-Carte-LOr-en-Bar-233x300.png 233w, https:\/\/lorenbar.fr\/wp-content\/uploads\/2025\/02\/La-Carte-LOr-en-Bar.png 694w\" sizes=\"auto, (max-width: 233px) 100vw, 233px\" \/>\t\t\t\t\t\t\t\t<\/a>\n\t\t\t\t\t\t\t\t\t\t\t\t\t\t<\/div>\n\t\t\t\t\t\t<\/div>\n\t\t\t\t<\/div>\n\t\t\t\t\t\t<\/div>\n\t\t\t\t\t<\/div>\n\t\t<\/div>\n\t\t\t\t<div class=\"elementor-column elementor-col-33 elementor-top-column elementor-element elementor-element-27daef6\" data-id=\"27daef6\" data-element_type=\"column\">\n\t\t\t<div class=\"elementor-column-wrap elementor-element-populated\">\n\t\t\t\t\t\t\t<div class=\"elementor-widget-wrap\">\n\t\t\t\t\t\t<div class=\"elementor-element elementor-element-75af67e elementor-widget elementor-widget-heading\" data-id=\"75af67e\" data-element_type=\"widget\" data-widget_type=\"heading.default\">\n\t\t\t\t<div class=\"elementor-widget-container\">\n\t\t\t<h2 class=\"elementor-heading-title elementor-size-default\">Les Boissons<\/h2>\t\t<\/div>\n\t\t\t\t<\/div>\n\t\t\t\t<div class=\"elementor-element elementor-element-2a55c33 elementor-widget elementor-widget-image\" data-id=\"2a55c33\" data-element_type=\"widget\" data-widget_type=\"image.default\">\n\t\t\t\t<div class=\"elementor-widget-container\">\n\t\t\t\t\t\t\t\t<div class=\"elementor-image\">\n\t\t\t\t\t\t\t\t\t\t\t\t\t<a href=\"https:\/\/lorenbar.fr\/wp-content\/uploads\/2026\/04\/Carte-des-VINS-BOISSONS-2026.pdf\">\n\t\t\t\t\t\t\t<img loading=\"lazy\" decoding=\"async\" width=\"212\" height=\"300\" src=\"https:\/\/lorenbar.fr\/wp-content\/uploads\/2025\/02\/Carte-des-VINS-BOISSONS-2025.pdf-212x300.png\" class=\"attachment-medium size-medium\" alt=\"\" srcset=\"https:\/\/lorenbar.fr\/wp-content\/uploads\/2025\/02\/Carte-des-VINS-BOISSONS-2025.pdf-212x300.png 212w, https:\/\/lorenbar.fr\/wp-content\/uploads\/2025\/02\/Carte-des-VINS-BOISSONS-2025.pdf-724x1024.png 724w, https:\/\/lorenbar.fr\/wp-content\/uploads\/2025\/02\/Carte-des-VINS-BOISSONS-2025.pdf-768x1086.png 768w, https:\/\/lorenbar.fr\/wp-content\/uploads\/2025\/02\/Carte-des-VINS-BOISSONS-2025.pdf-1086x1536.png 1086w, https:\/\/lorenbar.fr\/wp-content\/uploads\/2025\/02\/Carte-des-VINS-BOISSONS-2025.pdf.png 1414w\" sizes=\"auto, (max-width: 212px) 100vw, 212px\" \/>\t\t\t\t\t\t\t\t<\/a>\n\t\t\t\t\t\t\t\t\t\t\t\t\t\t<\/div>\n\t\t\t\t\t\t<\/div>\n\t\t\t\t<\/div>\n\t\t\t\t\t\t<\/div>\n\t\t\t\t\t<\/div>\n\t\t<\/div>\n\t\t\t\t<div class=\"elementor-column elementor-col-33 elementor-top-column elementor-element elementor-element-b781689\" data-id=\"b781689\" data-element_type=\"column\">\n\t\t\t<div class=\"elementor-column-wrap elementor-element-populated\">\n\t\t\t\t\t\t\t<div class=\"elementor-widget-wrap\">\n\t\t\t\t\t\t\t\t<\/div>\n\t\t\t\t\t<\/div>\n\t\t<\/div>\n\t\t\t\t\t\t\t\t<\/div>\n\t\t\t\t\t<\/div>\n\t\t<\/section>\n\t\t\t\t\t\t\t\t\t<\/div>\n\t\t\t<\/div>\n\t\t\t\t\t<\/div>\n\t\t","protected":false},"excerpt":{"rendered":"<p>carte &amp; MENUS Explorez notre carte et nos menus sp\u00e9ciaux, \u00e9labor\u00e9s avec des produits de qualit\u00e9 pour une exp\u00e9rience gourmande. Laissez-vous s\u00e9duire par des saveurs authentiques et accordez votre vin aux plats de votre choix pour sublimer chaque d\u00e9gustation. Retrouvez \u00e9galement notre menu du jour sur place ou sur notre page Facebook. La Carte Les&hellip;&nbsp;<a href=\"https:\/\/lorenbar.fr\/index.php\/carte\/\" class=\"\" rel=\"bookmark\">Lire la suite &raquo;<span class=\"screen-reader-text\">Carte &#038; Menus<\/span><\/a><\/p>\n","protected":false},"author":1,"featured_media":0,"parent":0,"menu_order":0,"comment_status":"closed","ping_status":"closed","template":"page-templates\/template-pagebuilder-full-width.php","meta":{"_monsterinsights_skip_tracking":false,"_monsterinsights_sitenote_active":false,"_monsterinsights_sitenote_note":"","_monsterinsights_sitenote_category":0,"_themeisle_gutenberg_block_has_review":false,"footnotes":""},"class_list":["post-1076","page","type-page","status-publish","hentry"],"yoast_head":"<!-- This site is optimized with the Yoast SEO plugin v24.6 - https:\/\/yoast.com\/wordpress\/plugins\/seo\/ -->\n<title>Carte &amp; Menus - L&#039;Or En Bar<\/title>\n<meta name=\"description\" content=\"D\u00e9couvrez une cuisine savoureuse \u00e0 travers une carte gourmande, mais des menus du jour propos\u00e9s en formule classique ou di\u00e9t\u00e9tique.\" \/>\n<meta name=\"robots\" content=\"index, follow, max-snippet:-1, max-image-preview:large, max-video-preview:-1\" \/>\n<link rel=\"canonical\" href=\"https:\/\/lorenbar.fr\/index.php\/carte\/\" \/>\n<meta property=\"og:locale\" content=\"fr_FR\" \/>\n<meta property=\"og:type\" content=\"article\" \/>\n<meta property=\"og:title\" content=\"Carte &amp; Menus - L&#039;Or En Bar\" \/>\n<meta property=\"og:description\" content=\"D\u00e9couvrez une cuisine savoureuse \u00e0 travers une carte gourmande, mais des menus du jour propos\u00e9s en formule classique ou di\u00e9t\u00e9tique.\" \/>\n<meta property=\"og:url\" content=\"https:\/\/lorenbar.fr\/index.php\/carte\/\" \/>\n<meta property=\"og:site_name\" content=\"L&#039;Or En Bar\" \/>\n<meta property=\"article:modified_time\" content=\"2026-04-15T13:26:10+00:00\" \/>\n<meta property=\"og:image\" content=\"https:\/\/lorenbar.fr\/wp-content\/uploads\/2025\/02\/La-Carte-LOr-en-Bar-233x300.png\" \/>\n<meta name=\"twitter:card\" content=\"summary_large_image\" \/>\n<meta name=\"twitter:label1\" content=\"Dur\u00e9e de lecture estim\u00e9e\" \/>\n\t<meta name=\"twitter:data1\" content=\"1 minute\" \/>\n<script type=\"application\/ld+json\" class=\"yoast-schema-graph\">{\"@context\":\"https:\/\/schema.org\",\"@graph\":[{\"@type\":\"WebPage\",\"@id\":\"https:\/\/lorenbar.fr\/index.php\/carte\/\",\"url\":\"https:\/\/lorenbar.fr\/index.php\/carte\/\",\"name\":\"Carte & Menus - L&#039;Or En Bar\",\"isPartOf\":{\"@id\":\"https:\/\/lorenbar.fr\/#website\"},\"primaryImageOfPage\":{\"@id\":\"https:\/\/lorenbar.fr\/index.php\/carte\/#primaryimage\"},\"image\":{\"@id\":\"https:\/\/lorenbar.fr\/index.php\/carte\/#primaryimage\"},\"thumbnailUrl\":\"https:\/\/lorenbar.fr\/wp-content\/uploads\/2025\/02\/La-Carte-LOr-en-Bar-233x300.png\",\"datePublished\":\"2020-05-29T08:19:55+00:00\",\"dateModified\":\"2026-04-15T13:26:10+00:00\",\"description\":\"D\u00e9couvrez une cuisine savoureuse \u00e0 travers une carte gourmande, mais des menus du jour propos\u00e9s en formule classique ou di\u00e9t\u00e9tique.\",\"breadcrumb\":{\"@id\":\"https:\/\/lorenbar.fr\/index.php\/carte\/#breadcrumb\"},\"inLanguage\":\"fr-FR\",\"potentialAction\":[{\"@type\":\"ReadAction\",\"target\":[\"https:\/\/lorenbar.fr\/index.php\/carte\/\"]}]},{\"@type\":\"ImageObject\",\"inLanguage\":\"fr-FR\",\"@id\":\"https:\/\/lorenbar.fr\/index.php\/carte\/#primaryimage\",\"url\":\"https:\/\/lorenbar.fr\/wp-content\/uploads\/2025\/02\/La-Carte-LOr-en-Bar.png\",\"contentUrl\":\"https:\/\/lorenbar.fr\/wp-content\/uploads\/2025\/02\/La-Carte-LOr-en-Bar.png\",\"width\":694,\"height\":895},{\"@type\":\"BreadcrumbList\",\"@id\":\"https:\/\/lorenbar.fr\/index.php\/carte\/#breadcrumb\",\"itemListElement\":[{\"@type\":\"ListItem\",\"position\":1,\"name\":\"Accueil\",\"item\":\"https:\/\/lorenbar.fr\/\"},{\"@type\":\"ListItem\",\"position\":2,\"name\":\"Carte &#038; Menus\"}]},{\"@type\":\"WebSite\",\"@id\":\"https:\/\/lorenbar.fr\/#website\",\"url\":\"https:\/\/lorenbar.fr\/\",\"name\":\"L&#039;Or En Bar\",\"description\":\"Restaurant \u00e0 Contrex\u00e9ville, Vosges\",\"publisher\":{\"@id\":\"https:\/\/lorenbar.fr\/#organization\"},\"potentialAction\":[{\"@type\":\"SearchAction\",\"target\":{\"@type\":\"EntryPoint\",\"urlTemplate\":\"https:\/\/lorenbar.fr\/?s={search_term_string}\"},\"query-input\":{\"@type\":\"PropertyValueSpecification\",\"valueRequired\":true,\"valueName\":\"search_term_string\"}}],\"inLanguage\":\"fr-FR\"},{\"@type\":\"Organization\",\"@id\":\"https:\/\/lorenbar.fr\/#organization\",\"name\":\"L&#039;Or En Bar\",\"url\":\"https:\/\/lorenbar.fr\/\",\"logo\":{\"@type\":\"ImageObject\",\"inLanguage\":\"fr-FR\",\"@id\":\"https:\/\/lorenbar.fr\/#\/schema\/logo\/image\/\",\"url\":\"https:\/\/lorenbar.fr\/wp-content\/uploads\/2020\/04\/LOGO_LOR_EN_BAR_2022-OR-TRANSPARENT-e1764767101730.png\",\"contentUrl\":\"https:\/\/lorenbar.fr\/wp-content\/uploads\/2020\/04\/LOGO_LOR_EN_BAR_2022-OR-TRANSPARENT-e1764767101730.png\",\"width\":100,\"height\":110,\"caption\":\"L&#039;Or En Bar\"},\"image\":{\"@id\":\"https:\/\/lorenbar.fr\/#\/schema\/logo\/image\/\"}}]}<\/script>\n<!-- \/ Yoast SEO plugin. -->","yoast_head_json":{"title":"Carte & Menus - L&#039;Or En Bar","description":"D\u00e9couvrez une cuisine savoureuse \u00e0 travers une carte gourmande, mais des menus du jour propos\u00e9s en formule classique ou di\u00e9t\u00e9tique.","robots":{"index":"index","follow":"follow","max-snippet":"max-snippet:-1","max-image-preview":"max-image-preview:large","max-video-preview":"max-video-preview:-1"},"canonical":"https:\/\/lorenbar.fr\/index.php\/carte\/","og_locale":"fr_FR","og_type":"article","og_title":"Carte & Menus - L&#039;Or En Bar","og_description":"D\u00e9couvrez une cuisine savoureuse \u00e0 travers une carte gourmande, mais des menus du jour propos\u00e9s en formule classique ou di\u00e9t\u00e9tique.","og_url":"https:\/\/lorenbar.fr\/index.php\/carte\/","og_site_name":"L&#039;Or En Bar","article_modified_time":"2026-04-15T13:26:10+00:00","og_image":[{"url":"https:\/\/lorenbar.fr\/wp-content\/uploads\/2025\/02\/La-Carte-LOr-en-Bar-233x300.png","type":"","width":"","height":""}],"twitter_card":"summary_large_image","twitter_misc":{"Dur\u00e9e de lecture estim\u00e9e":"1 minute"},"schema":{"@context":"https:\/\/schema.org","@graph":[{"@type":"WebPage","@id":"https:\/\/lorenbar.fr\/index.php\/carte\/","url":"https:\/\/lorenbar.fr\/index.php\/carte\/","name":"Carte & Menus - L&#039;Or En Bar","isPartOf":{"@id":"https:\/\/lorenbar.fr\/#website"},"primaryImageOfPage":{"@id":"https:\/\/lorenbar.fr\/index.php\/carte\/#primaryimage"},"image":{"@id":"https:\/\/lorenbar.fr\/index.php\/carte\/#primaryimage"},"thumbnailUrl":"https:\/\/lorenbar.fr\/wp-content\/uploads\/2025\/02\/La-Carte-LOr-en-Bar-233x300.png","datePublished":"2020-05-29T08:19:55+00:00","dateModified":"2026-04-15T13:26:10+00:00","description":"D\u00e9couvrez une cuisine savoureuse \u00e0 travers une carte gourmande, mais des menus du jour propos\u00e9s en formule classique ou di\u00e9t\u00e9tique.","breadcrumb":{"@id":"https:\/\/lorenbar.fr\/index.php\/carte\/#breadcrumb"},"inLanguage":"fr-FR","potentialAction":[{"@type":"ReadAction","target":["https:\/\/lorenbar.fr\/index.php\/carte\/"]}]},{"@type":"ImageObject","inLanguage":"fr-FR","@id":"https:\/\/lorenbar.fr\/index.php\/carte\/#primaryimage","url":"https:\/\/lorenbar.fr\/wp-content\/uploads\/2025\/02\/La-Carte-LOr-en-Bar.png","contentUrl":"https:\/\/lorenbar.fr\/wp-content\/uploads\/2025\/02\/La-Carte-LOr-en-Bar.png","width":694,"height":895},{"@type":"BreadcrumbList","@id":"https:\/\/lorenbar.fr\/index.php\/carte\/#breadcrumb","itemListElement":[{"@type":"ListItem","position":1,"name":"Accueil","item":"https:\/\/lorenbar.fr\/"},{"@type":"ListItem","position":2,"name":"Carte &#038; Menus"}]},{"@type":"WebSite","@id":"https:\/\/lorenbar.fr\/#website","url":"https:\/\/lorenbar.fr\/","name":"L&#039;Or En Bar","description":"Restaurant \u00e0 Contrex\u00e9ville, Vosges","publisher":{"@id":"https:\/\/lorenbar.fr\/#organization"},"potentialAction":[{"@type":"SearchAction","target":{"@type":"EntryPoint","urlTemplate":"https:\/\/lorenbar.fr\/?s={search_term_string}"},"query-input":{"@type":"PropertyValueSpecification","valueRequired":true,"valueName":"search_term_string"}}],"inLanguage":"fr-FR"},{"@type":"Organization","@id":"https:\/\/lorenbar.fr\/#organization","name":"L&#039;Or En Bar","url":"https:\/\/lorenbar.fr\/","logo":{"@type":"ImageObject","inLanguage":"fr-FR","@id":"https:\/\/lorenbar.fr\/#\/schema\/logo\/image\/","url":"https:\/\/lorenbar.fr\/wp-content\/uploads\/2020\/04\/LOGO_LOR_EN_BAR_2022-OR-TRANSPARENT-e1764767101730.png","contentUrl":"https:\/\/lorenbar.fr\/wp-content\/uploads\/2020\/04\/LOGO_LOR_EN_BAR_2022-OR-TRANSPARENT-e1764767101730.png","width":100,"height":110,"caption":"L&#039;Or En Bar"},"image":{"@id":"https:\/\/lorenbar.fr\/#\/schema\/logo\/image\/"}}]}},"_links":{"self":[{"href":"https:\/\/lorenbar.fr\/index.php\/wp-json\/wp\/v2\/pages\/1076","targetHints":{"allow":["GET"]}}],"collection":[{"href":"https:\/\/lorenbar.fr\/index.php\/wp-json\/wp\/v2\/pages"}],"about":[{"href":"https:\/\/lorenbar.fr\/index.php\/wp-json\/wp\/v2\/types\/page"}],"author":[{"embeddable":true,"href":"https:\/\/lorenbar.fr\/index.php\/wp-json\/wp\/v2\/users\/1"}],"replies":[{"embeddable":true,"href":"https:\/\/lorenbar.fr\/index.php\/wp-json\/wp\/v2\/comments?post=1076"}],"version-history":[{"count":202,"href":"https:\/\/lorenbar.fr\/index.php\/wp-json\/wp\/v2\/pages\/1076\/revisions"}],"predecessor-version":[{"id":2744,"href":"https:\/\/lorenbar.fr\/index.php\/wp-json\/wp\/v2\/pages\/1076\/revisions\/2744"}],"wp:attachment":[{"href":"https:\/\/lorenbar.fr\/index.php\/wp-json\/wp\/v2\/media?parent=1076"}],"curies":[{"name":"wp","href":"https:\/\/api.w.org\/{rel}","templated":true}]}}