{"id":1090,"date":"2020-05-29T11:29:13","date_gmt":"2020-05-29T09:29:13","guid":{"rendered":"https:\/\/lorenbar.fr\/?page_id=1090"},"modified":"2026-01-15T12:26:59","modified_gmt":"2026-01-15T11:26:59","slug":"les-evenements-a-venir","status":"publish","type":"page","link":"https:\/\/lorenbar.fr\/index.php\/les-evenements-a-venir\/","title":{"rendered":"Les \u00e9v\u00e9nements \u00e0 venir"},"content":{"rendered":"\t\t<div data-elementor-type=\"wp-page\" data-elementor-id=\"1090\" class=\"elementor elementor-1090\">\n\t\t\t\t\t\t<div class=\"elementor-inner\">\n\t\t\t\t<div class=\"elementor-section-wrap\">\n\t\t\t\t\t\t\t\t\t<section class=\"elementor-section elementor-top-section elementor-element elementor-element-6271183 elementor-section-boxed elementor-section-height-default elementor-section-height-default\" data-id=\"6271183\" data-element_type=\"section\">\n\t\t\t\t\t\t<div class=\"elementor-container elementor-column-gap-default\">\n\t\t\t\t\t\t\t<div class=\"elementor-row\">\n\t\t\t\t\t<div class=\"elementor-column elementor-col-100 elementor-top-column elementor-element elementor-element-482bd42\" data-id=\"482bd42\" data-element_type=\"column\">\n\t\t\t<div class=\"elementor-column-wrap elementor-element-populated\">\n\t\t\t\t\t\t\t<div class=\"elementor-widget-wrap\">\n\t\t\t\t\t\t<div class=\"elementor-element elementor-element-a59c851 elementor-widget elementor-widget-heading\" data-id=\"a59c851\" data-element_type=\"widget\" data-widget_type=\"heading.default\">\n\t\t\t\t<div class=\"elementor-widget-container\">\n\t\t\t<h2 class=\"elementor-heading-title elementor-size-default\">Les \u00e9v\u00e9nements \u00e0 venir<\/h2>\t\t<\/div>\n\t\t\t\t<\/div>\n\t\t\t\t\t\t<\/div>\n\t\t\t\t\t<\/div>\n\t\t<\/div>\n\t\t\t\t\t\t\t\t<\/div>\n\t\t\t\t\t<\/div>\n\t\t<\/section>\n\t\t\t\t<section class=\"elementor-section elementor-top-section elementor-element elementor-element-a77ecb4 elementor-section-boxed elementor-section-height-default elementor-section-height-default\" data-id=\"a77ecb4\" data-element_type=\"section\">\n\t\t\t\t\t\t<div class=\"elementor-container elementor-column-gap-default\">\n\t\t\t\t\t\t\t<div class=\"elementor-row\">\n\t\t\t\t\t<div class=\"elementor-column elementor-col-100 elementor-top-column elementor-element elementor-element-a916a37\" data-id=\"a916a37\" data-element_type=\"column\">\n\t\t\t<div class=\"elementor-column-wrap elementor-element-populated\">\n\t\t\t\t\t\t\t<div class=\"elementor-widget-wrap\">\n\t\t\t\t\t\t<div class=\"elementor-element elementor-element-890a950 elementor-widget elementor-widget-text-editor\" data-id=\"890a950\" data-element_type=\"widget\" data-widget_type=\"text-editor.default\">\n\t\t\t\t<div class=\"elementor-widget-container\">\n\t\t\t\t\t\t\t\t<div class=\"elementor-text-editor elementor-clearfix\">\n\t\t\t\t<p><span style=\"color: #000000;\">Pour toute r\u00e9servation, contactez-nous au <strong>03.29.08.81.80<\/strong> ou par mail \u00e0 <strong>reservation@lorenbar.fr<\/strong><\/span><\/p>\t\t\t\t\t<\/div>\n\t\t\t\t\t\t<\/div>\n\t\t\t\t<\/div>\n\t\t\t\t\t\t<\/div>\n\t\t\t\t\t<\/div>\n\t\t<\/div>\n\t\t\t\t\t\t\t\t<\/div>\n\t\t\t\t\t<\/div>\n\t\t<\/section>\n\t\t\t\t<section class=\"elementor-section elementor-top-section elementor-element elementor-element-c2000d9 elementor-section-boxed elementor-section-height-default elementor-section-height-default\" data-id=\"c2000d9\" data-element_type=\"section\">\n\t\t\t\t\t\t<div class=\"elementor-container elementor-column-gap-default\">\n\t\t\t\t\t\t\t<div class=\"elementor-row\">\n\t\t\t\t\t<div class=\"elementor-column elementor-col-25 elementor-top-column elementor-element elementor-element-5598bae\" data-id=\"5598bae\" data-element_type=\"column\">\n\t\t\t<div class=\"elementor-column-wrap elementor-element-populated\">\n\t\t\t\t\t\t\t<div class=\"elementor-widget-wrap\">\n\t\t\t\t\t\t\t\t<\/div>\n\t\t\t\t\t<\/div>\n\t\t<\/div>\n\t\t\t\t<div class=\"elementor-column elementor-col-25 elementor-top-column elementor-element elementor-element-3d8305a\" data-id=\"3d8305a\" data-element_type=\"column\">\n\t\t\t<div class=\"elementor-column-wrap elementor-element-populated\">\n\t\t\t\t\t\t\t<div class=\"elementor-widget-wrap\">\n\t\t\t\t\t\t\t\t<\/div>\n\t\t\t\t\t<\/div>\n\t\t<\/div>\n\t\t\t\t<div class=\"elementor-column elementor-col-25 elementor-top-column elementor-element elementor-element-1aadf5c\" data-id=\"1aadf5c\" data-element_type=\"column\">\n\t\t\t<div class=\"elementor-column-wrap elementor-element-populated\">\n\t\t\t\t\t\t\t<div class=\"elementor-widget-wrap\">\n\t\t\t\t\t\t\t\t<\/div>\n\t\t\t\t\t<\/div>\n\t\t<\/div>\n\t\t\t\t<div class=\"elementor-column elementor-col-25 elementor-top-column elementor-element elementor-element-39f6a63\" data-id=\"39f6a63\" data-element_type=\"column\">\n\t\t\t<div class=\"elementor-column-wrap elementor-element-populated\">\n\t\t\t\t\t\t\t<div class=\"elementor-widget-wrap\">\n\t\t\t\t\t\t\t\t<\/div>\n\t\t\t\t\t<\/div>\n\t\t<\/div>\n\t\t\t\t\t\t\t\t<\/div>\n\t\t\t\t\t<\/div>\n\t\t<\/section>\n\t\t\t\t\t\t\t\t\t<\/div>\n\t\t\t<\/div>\n\t\t\t\t\t<\/div>\n\t\t","protected":false},"excerpt":{"rendered":"<p>Les \u00e9v\u00e9nements \u00e0 venir Pour toute r\u00e9servation, contactez-nous au 03.29.08.81.80 ou par mail \u00e0 reservation@lorenbar.fr<\/p>\n","protected":false},"author":1,"featured_media":0,"parent":0,"menu_order":0,"comment_status":"closed","ping_status":"closed","template":"page-templates\/template-pagebuilder-full-width.php","meta":{"_monsterinsights_skip_tracking":false,"_monsterinsights_sitenote_active":false,"_monsterinsights_sitenote_note":"","_monsterinsights_sitenote_category":0,"_themeisle_gutenberg_block_has_review":false,"footnotes":""},"class_list":["post-1090","page","type-page","status-publish","hentry"],"yoast_head":"<!-- This site is optimized with the Yoast SEO plugin v24.6 - https:\/\/yoast.com\/wordpress\/plugins\/seo\/ -->\n<title>Les \u00e9v\u00e9nements \u00e0 venir - L&#039;Or En Bar<\/title>\n<meta name=\"robots\" content=\"index, follow, max-snippet:-1, max-image-preview:large, max-video-preview:-1\" \/>\n<link rel=\"canonical\" href=\"https:\/\/lorenbar.fr\/index.php\/les-evenements-a-venir\/\" \/>\n<meta property=\"og:locale\" content=\"fr_FR\" \/>\n<meta property=\"og:type\" content=\"article\" \/>\n<meta property=\"og:title\" content=\"Les \u00e9v\u00e9nements \u00e0 venir - L&#039;Or En Bar\" \/>\n<meta property=\"og:description\" content=\"Les \u00e9v\u00e9nements \u00e0 venir Pour toute r\u00e9servation, contactez-nous au 03.29.08.81.80 ou par mail \u00e0 reservation@lorenbar.fr\" \/>\n<meta property=\"og:url\" content=\"https:\/\/lorenbar.fr\/index.php\/les-evenements-a-venir\/\" \/>\n<meta property=\"og:site_name\" content=\"L&#039;Or En Bar\" \/>\n<meta property=\"article:modified_time\" content=\"2026-01-15T11:26:59+00:00\" \/>\n<meta name=\"twitter:card\" content=\"summary_large_image\" \/>\n<meta name=\"twitter:label1\" content=\"Dur\u00e9e de lecture estim\u00e9e\" \/>\n\t<meta name=\"twitter:data1\" content=\"1 minute\" \/>\n<script type=\"application\/ld+json\" class=\"yoast-schema-graph\">{\"@context\":\"https:\/\/schema.org\",\"@graph\":[{\"@type\":\"WebPage\",\"@id\":\"https:\/\/lorenbar.fr\/index.php\/les-evenements-a-venir\/\",\"url\":\"https:\/\/lorenbar.fr\/index.php\/les-evenements-a-venir\/\",\"name\":\"Les \u00e9v\u00e9nements \u00e0 venir - L&#039;Or En Bar\",\"isPartOf\":{\"@id\":\"https:\/\/lorenbar.fr\/#website\"},\"datePublished\":\"2020-05-29T09:29:13+00:00\",\"dateModified\":\"2026-01-15T11:26:59+00:00\",\"breadcrumb\":{\"@id\":\"https:\/\/lorenbar.fr\/index.php\/les-evenements-a-venir\/#breadcrumb\"},\"inLanguage\":\"fr-FR\",\"potentialAction\":[{\"@type\":\"ReadAction\",\"target\":[\"https:\/\/lorenbar.fr\/index.php\/les-evenements-a-venir\/\"]}]},{\"@type\":\"BreadcrumbList\",\"@id\":\"https:\/\/lorenbar.fr\/index.php\/les-evenements-a-venir\/#breadcrumb\",\"itemListElement\":[{\"@type\":\"ListItem\",\"position\":1,\"name\":\"Accueil\",\"item\":\"https:\/\/lorenbar.fr\/\"},{\"@type\":\"ListItem\",\"position\":2,\"name\":\"Les \u00e9v\u00e9nements \u00e0 venir\"}]},{\"@type\":\"WebSite\",\"@id\":\"https:\/\/lorenbar.fr\/#website\",\"url\":\"https:\/\/lorenbar.fr\/\",\"name\":\"L&#039;Or En Bar\",\"description\":\"Restaurant \u00e0 Contrex\u00e9ville, Vosges\",\"publisher\":{\"@id\":\"https:\/\/lorenbar.fr\/#organization\"},\"potentialAction\":[{\"@type\":\"SearchAction\",\"target\":{\"@type\":\"EntryPoint\",\"urlTemplate\":\"https:\/\/lorenbar.fr\/?s={search_term_string}\"},\"query-input\":{\"@type\":\"PropertyValueSpecification\",\"valueRequired\":true,\"valueName\":\"search_term_string\"}}],\"inLanguage\":\"fr-FR\"},{\"@type\":\"Organization\",\"@id\":\"https:\/\/lorenbar.fr\/#organization\",\"name\":\"L&#039;Or En Bar\",\"url\":\"https:\/\/lorenbar.fr\/\",\"logo\":{\"@type\":\"ImageObject\",\"inLanguage\":\"fr-FR\",\"@id\":\"https:\/\/lorenbar.fr\/#\/schema\/logo\/image\/\",\"url\":\"https:\/\/lorenbar.fr\/wp-content\/uploads\/2020\/04\/LOGO_LOR_EN_BAR_2022-OR-TRANSPARENT-e1764767101730.png\",\"contentUrl\":\"https:\/\/lorenbar.fr\/wp-content\/uploads\/2020\/04\/LOGO_LOR_EN_BAR_2022-OR-TRANSPARENT-e1764767101730.png\",\"width\":100,\"height\":110,\"caption\":\"L&#039;Or En Bar\"},\"image\":{\"@id\":\"https:\/\/lorenbar.fr\/#\/schema\/logo\/image\/\"}}]}<\/script>\n<!-- \/ Yoast SEO plugin. -->","yoast_head_json":{"title":"Les \u00e9v\u00e9nements \u00e0 venir - L&#039;Or En Bar","robots":{"index":"index","follow":"follow","max-snippet":"max-snippet:-1","max-image-preview":"max-image-preview:large","max-video-preview":"max-video-preview:-1"},"canonical":"https:\/\/lorenbar.fr\/index.php\/les-evenements-a-venir\/","og_locale":"fr_FR","og_type":"article","og_title":"Les \u00e9v\u00e9nements \u00e0 venir - L&#039;Or En Bar","og_description":"Les \u00e9v\u00e9nements \u00e0 venir Pour toute r\u00e9servation, contactez-nous au 03.29.08.81.80 ou par mail \u00e0 reservation@lorenbar.fr","og_url":"https:\/\/lorenbar.fr\/index.php\/les-evenements-a-venir\/","og_site_name":"L&#039;Or En Bar","article_modified_time":"2026-01-15T11:26:59+00:00","twitter_card":"summary_large_image","twitter_misc":{"Dur\u00e9e de lecture estim\u00e9e":"1 minute"},"schema":{"@context":"https:\/\/schema.org","@graph":[{"@type":"WebPage","@id":"https:\/\/lorenbar.fr\/index.php\/les-evenements-a-venir\/","url":"https:\/\/lorenbar.fr\/index.php\/les-evenements-a-venir\/","name":"Les \u00e9v\u00e9nements \u00e0 venir - L&#039;Or En Bar","isPartOf":{"@id":"https:\/\/lorenbar.fr\/#website"},"datePublished":"2020-05-29T09:29:13+00:00","dateModified":"2026-01-15T11:26:59+00:00","breadcrumb":{"@id":"https:\/\/lorenbar.fr\/index.php\/les-evenements-a-venir\/#breadcrumb"},"inLanguage":"fr-FR","potentialAction":[{"@type":"ReadAction","target":["https:\/\/lorenbar.fr\/index.php\/les-evenements-a-venir\/"]}]},{"@type":"BreadcrumbList","@id":"https:\/\/lorenbar.fr\/index.php\/les-evenements-a-venir\/#breadcrumb","itemListElement":[{"@type":"ListItem","position":1,"name":"Accueil","item":"https:\/\/lorenbar.fr\/"},{"@type":"ListItem","position":2,"name":"Les \u00e9v\u00e9nements \u00e0 venir"}]},{"@type":"WebSite","@id":"https:\/\/lorenbar.fr\/#website","url":"https:\/\/lorenbar.fr\/","name":"L&#039;Or En Bar","description":"Restaurant \u00e0 Contrex\u00e9ville, Vosges","publisher":{"@id":"https:\/\/lorenbar.fr\/#organization"},"potentialAction":[{"@type":"SearchAction","target":{"@type":"EntryPoint","urlTemplate":"https:\/\/lorenbar.fr\/?s={search_term_string}"},"query-input":{"@type":"PropertyValueSpecification","valueRequired":true,"valueName":"search_term_string"}}],"inLanguage":"fr-FR"},{"@type":"Organization","@id":"https:\/\/lorenbar.fr\/#organization","name":"L&#039;Or En Bar","url":"https:\/\/lorenbar.fr\/","logo":{"@type":"ImageObject","inLanguage":"fr-FR","@id":"https:\/\/lorenbar.fr\/#\/schema\/logo\/image\/","url":"https:\/\/lorenbar.fr\/wp-content\/uploads\/2020\/04\/LOGO_LOR_EN_BAR_2022-OR-TRANSPARENT-e1764767101730.png","contentUrl":"https:\/\/lorenbar.fr\/wp-content\/uploads\/2020\/04\/LOGO_LOR_EN_BAR_2022-OR-TRANSPARENT-e1764767101730.png","width":100,"height":110,"caption":"L&#039;Or En Bar"},"image":{"@id":"https:\/\/lorenbar.fr\/#\/schema\/logo\/image\/"}}]}},"_links":{"self":[{"href":"https:\/\/lorenbar.fr\/index.php\/wp-json\/wp\/v2\/pages\/1090","targetHints":{"allow":["GET"]}}],"collection":[{"href":"https:\/\/lorenbar.fr\/index.php\/wp-json\/wp\/v2\/pages"}],"about":[{"href":"https:\/\/lorenbar.fr\/index.php\/wp-json\/wp\/v2\/types\/page"}],"author":[{"embeddable":true,"href":"https:\/\/lorenbar.fr\/index.php\/wp-json\/wp\/v2\/users\/1"}],"replies":[{"embeddable":true,"href":"https:\/\/lorenbar.fr\/index.php\/wp-json\/wp\/v2\/comments?post=1090"}],"version-history":[{"count":123,"href":"https:\/\/lorenbar.fr\/index.php\/wp-json\/wp\/v2\/pages\/1090\/revisions"}],"predecessor-version":[{"id":2718,"href":"https:\/\/lorenbar.fr\/index.php\/wp-json\/wp\/v2\/pages\/1090\/revisions\/2718"}],"wp:attachment":[{"href":"https:\/\/lorenbar.fr\/index.php\/wp-json\/wp\/v2\/media?parent=1090"}],"curies":[{"name":"wp","href":"https:\/\/api.w.org\/{rel}","templated":true}]}}