{"id":1408,"date":"2020-12-14T14:53:22","date_gmt":"2020-12-14T13:53:22","guid":{"rendered":"https:\/\/lorenbar.fr\/?page_id=1408"},"modified":"2024-04-29T09:24:56","modified_gmt":"2024-04-29T07:24:56","slug":"bons-cadeaux-bons-plans","status":"publish","type":"page","link":"https:\/\/lorenbar.fr\/index.php\/bons-cadeaux-bons-plans\/","title":{"rendered":"Bons cadeaux &#038; Bons plans"},"content":{"rendered":"\t\t<div data-elementor-type=\"wp-page\" data-elementor-id=\"1408\" class=\"elementor elementor-1408\">\n\t\t\t\t\t\t<div class=\"elementor-inner\">\n\t\t\t\t<div class=\"elementor-section-wrap\">\n\t\t\t\t\t\t\t\t\t<section class=\"elementor-section elementor-top-section elementor-element elementor-element-176567d6 elementor-section-boxed elementor-section-height-default elementor-section-height-default\" data-id=\"176567d6\" data-element_type=\"section\">\n\t\t\t\t\t\t<div class=\"elementor-container elementor-column-gap-default\">\n\t\t\t\t\t\t\t<div class=\"elementor-row\">\n\t\t\t\t\t<div class=\"elementor-column elementor-col-100 elementor-top-column elementor-element elementor-element-1afeac3d\" data-id=\"1afeac3d\" data-element_type=\"column\">\n\t\t\t<div class=\"elementor-column-wrap elementor-element-populated\">\n\t\t\t\t\t\t\t<div class=\"elementor-widget-wrap\">\n\t\t\t\t\t\t<div class=\"elementor-element elementor-element-2b3b77b9 elementor-widget elementor-widget-text-editor\" data-id=\"2b3b77b9\" data-element_type=\"widget\" data-widget_type=\"text-editor.default\">\n\t\t\t\t<div class=\"elementor-widget-container\">\n\t\t\t\t\t\t\t\t<div class=\"elementor-text-editor elementor-clearfix\">\n\t\t\t\t<p><img loading=\"lazy\" decoding=\"async\" class=\"alignleft\" src=\"https:\/\/lorenbar.fr\/wp-content\/uploads\/2023\/12\/20231201_213541_0000-300x300.png\" alt=\"\" width=\"300\" height=\"300\" \/><\/p><h2 style=\"letter-spacing: normal;\">Bons Cadeaux par tranche de 10\u20ac<\/h2><div><span style=\"letter-spacing: 0px;\">D\u00e9couvrez toutes nos prestations valables sous forme de bons cadeaux, \u00e0 commander sur le site de notre partenaire en <\/span><a style=\"letter-spacing: 0px;\" href=\"https:\/\/www.thermes-contrexeville.fr\/produit\/bon-cadeau-au-lor-en-bar\/\" target=\"_blank\" rel=\"noopener noreferrer\">cliquant ici<\/a><span style=\"letter-spacing: 0px;\">.<\/span><\/div><p>Pour offrir ou vous faire plaisir, d\u00e9couvrez les bons cadeaux L\u2019Or En Bar sous forme de bon d\u2019achat en tranche de 10\u20ac*.\u00a0<br \/><strong style=\"letter-spacing: 0px;\">S\u00e9lectionnez la quantit\u00e9 souhait\u00e9e pour arriver au montant final que vous souhaitez offrir<\/strong><span style=\"letter-spacing: 0px;\">.<\/span><\/p><p>*Valable 1 an \u00e0 partir de la date d\u2019achat, sur toute la carte des repas, planches et boissons.<\/p><p>\u00a0<\/p>\t\t\t\t\t<\/div>\n\t\t\t\t\t\t<\/div>\n\t\t\t\t<\/div>\n\t\t\t\t\t\t<\/div>\n\t\t\t\t\t<\/div>\n\t\t<\/div>\n\t\t\t\t\t\t\t\t<\/div>\n\t\t\t\t\t<\/div>\n\t\t<\/section>\n\t\t\t\t<section class=\"elementor-section elementor-top-section elementor-element elementor-element-8a930c2 elementor-section-boxed elementor-section-height-default elementor-section-height-default\" data-id=\"8a930c2\" data-element_type=\"section\">\n\t\t\t\t\t\t<div class=\"elementor-container elementor-column-gap-default\">\n\t\t\t\t\t\t\t<div class=\"elementor-row\">\n\t\t\t\t\t<div class=\"elementor-column elementor-col-50 elementor-top-column elementor-element elementor-element-e7cde08\" data-id=\"e7cde08\" data-element_type=\"column\">\n\t\t\t<div class=\"elementor-column-wrap elementor-element-populated\">\n\t\t\t\t\t\t\t<div class=\"elementor-widget-wrap\">\n\t\t\t\t\t\t<div class=\"elementor-element elementor-element-b5de5cc elementor-widget elementor-widget-image\" data-id=\"b5de5cc\" data-element_type=\"widget\" data-widget_type=\"image.default\">\n\t\t\t\t<div class=\"elementor-widget-container\">\n\t\t\t\t\t\t\t\t<div class=\"elementor-image\">\n\t\t\t\t\t\t\t\t\t\t\t\t\t<a href=\"https:\/\/www.thermes-contrexeville.fr\/produit\/apero-spa\/\">\n\t\t\t\t\t\t\t<img decoding=\"async\" src=\"https:\/\/lorenbar.fr\/wp-content\/uploads\/2023\/12\/thermes-situation-52-e1701685556423.jpg\" title=\"thermes-situation-52\" alt=\"thermes-situation-52\" \/>\t\t\t\t\t\t\t\t<\/a>\n\t\t\t\t\t\t\t\t\t\t\t\t\t\t<\/div>\n\t\t\t\t\t\t<\/div>\n\t\t\t\t<\/div>\n\t\t\t\t\t\t<\/div>\n\t\t\t\t\t<\/div>\n\t\t<\/div>\n\t\t\t\t<div class=\"elementor-column elementor-col-50 elementor-top-column elementor-element elementor-element-357a64b\" data-id=\"357a64b\" data-element_type=\"column\">\n\t\t\t<div class=\"elementor-column-wrap elementor-element-populated\">\n\t\t\t\t\t\t\t<div class=\"elementor-widget-wrap\">\n\t\t\t\t\t\t<div class=\"elementor-element elementor-element-e199f58 elementor-widget elementor-widget-text-editor\" data-id=\"e199f58\" data-element_type=\"widget\" data-widget_type=\"text-editor.default\">\n\t\t\t\t<div class=\"elementor-widget-container\">\n\t\t\t\t\t\t\t\t<div class=\"elementor-text-editor elementor-clearfix\">\n\t\t\t\t<h2><span style=\"letter-spacing: 0px;\">Formule SPA &amp; Repas<\/span><\/h2><p>D\u00e9couvrez notre offre en partenariat avec les Thermes de Contrex\u00e9ville, situ\u00e9s \u00e0 quelques m\u00e8tres du restaurant sous la galerie thermale.<\/p><p><strong>Profitez d\u2019un moment de d\u00e9tente au SPA<\/strong>* avec acc\u00e8s au bassin thermoludique, sauna, hammam et bains bouillonnants ext\u00e9rieurs)\u00a0des Thermes et d\u2019<strong>un repas savoureux dans une ambiance cocooning<\/strong> dans notre restaurant<span style=\"letter-spacing: 0px;\">.<\/span><\/p><p>Disponible en <strong><a href=\"https:\/\/www.thermes-contrexeville.fr\/produit\/spa-repas-au-restaurant-lor-en-bar\/\">formule spa 2 heures ou 3 heures<\/a><\/strong><\/p>\t\t\t\t\t<\/div>\n\t\t\t\t\t\t<\/div>\n\t\t\t\t<\/div>\n\t\t\t\t\t\t<\/div>\n\t\t\t\t\t<\/div>\n\t\t<\/div>\n\t\t\t\t\t\t\t\t<\/div>\n\t\t\t\t\t<\/div>\n\t\t<\/section>\n\t\t\t\t<section class=\"elementor-section elementor-top-section elementor-element elementor-element-491d1e6 elementor-section-boxed elementor-section-height-default elementor-section-height-default\" data-id=\"491d1e6\" data-element_type=\"section\">\n\t\t\t\t\t\t<div class=\"elementor-container elementor-column-gap-default\">\n\t\t\t\t\t\t\t<div class=\"elementor-row\">\n\t\t\t\t\t<div class=\"elementor-column elementor-col-100 elementor-top-column elementor-element elementor-element-f3e5d9c\" data-id=\"f3e5d9c\" data-element_type=\"column\">\n\t\t\t<div class=\"elementor-column-wrap elementor-element-populated\">\n\t\t\t\t\t\t\t<div class=\"elementor-widget-wrap\">\n\t\t\t\t\t\t<div class=\"elementor-element elementor-element-57d84bd elementor-widget elementor-widget-text-editor\" data-id=\"57d84bd\" data-element_type=\"widget\" data-widget_type=\"text-editor.default\">\n\t\t\t\t<div class=\"elementor-widget-container\">\n\t\t\t\t\t\t\t\t<div class=\"elementor-text-editor elementor-clearfix\">\n\t\t\t\t<div>\u00a0<\/div><p><strong>Informations :<\/strong><\/p><p><em>R\u00e9servation obligatoire. Sous r\u00e9serve de disponibilit\u00e9.\u00a0<br \/>*Linge fourni, sandales antid\u00e9rapantes obligatoire (en vente sur place). SPA non-accessible aux femmes enceintes. Short de bain interdit, bonnet de bain conseill\u00e9 (cheveux attach\u00e9s obligatoires).<\/em><br \/><br \/><\/p>\t\t\t\t\t<\/div>\n\t\t\t\t\t\t<\/div>\n\t\t\t\t<\/div>\n\t\t\t\t\t\t<\/div>\n\t\t\t\t\t<\/div>\n\t\t<\/div>\n\t\t\t\t\t\t\t\t<\/div>\n\t\t\t\t\t<\/div>\n\t\t<\/section>\n\t\t\t\t<section class=\"elementor-section elementor-top-section elementor-element elementor-element-cf3602d elementor-section-boxed elementor-section-height-default elementor-section-height-default\" data-id=\"cf3602d\" data-element_type=\"section\">\n\t\t\t\t\t\t<div class=\"elementor-container elementor-column-gap-default\">\n\t\t\t\t\t\t\t<div class=\"elementor-row\">\n\t\t\t\t\t<div class=\"elementor-column elementor-col-100 elementor-top-column elementor-element elementor-element-fd9cc4c\" data-id=\"fd9cc4c\" data-element_type=\"column\">\n\t\t\t<div class=\"elementor-column-wrap elementor-element-populated\">\n\t\t\t\t\t\t\t<div class=\"elementor-widget-wrap\">\n\t\t\t\t\t\t<div class=\"elementor-element elementor-element-bf83d91 elementor-align-center elementor-widget elementor-widget-button\" data-id=\"bf83d91\" data-element_type=\"widget\" data-widget_type=\"button.default\">\n\t\t\t\t<div class=\"elementor-widget-container\">\n\t\t\t\t\t<div class=\"elementor-button-wrapper\">\n\t\t\t<a href=\"https:\/\/www.thermes-contrexeville.fr\/produit\/apero-spa\/\" class=\"elementor-button-link elementor-button elementor-size-sm\" role=\"button\">\n\t\t\t\t\t\t<span class=\"elementor-button-content-wrapper\">\n\t\t\t\t\t\t<span class=\"elementor-button-text\">Achetez ici<\/span>\n\t\t<\/span>\n\t\t\t\t\t<\/a>\n\t\t<\/div>\n\t\t\t\t<\/div>\n\t\t\t\t<\/div>\n\t\t\t\t\t\t<\/div>\n\t\t\t\t\t<\/div>\n\t\t<\/div>\n\t\t\t\t\t\t\t\t<\/div>\n\t\t\t\t\t<\/div>\n\t\t<\/section>\n\t\t\t\t\t\t\t\t\t<\/div>\n\t\t\t<\/div>\n\t\t\t\t\t<\/div>\n\t\t","protected":false},"excerpt":{"rendered":"<p>Bons Cadeaux par tranche de 10\u20ac D\u00e9couvrez toutes nos prestations valables sous forme de bons cadeaux, \u00e0 commander sur le site de notre partenaire en cliquant ici. Pour offrir ou vous faire plaisir, d\u00e9couvrez les bons cadeaux L\u2019Or En Bar sous forme de bon d\u2019achat en tranche de 10\u20ac*.\u00a0S\u00e9lectionnez la quantit\u00e9 souhait\u00e9e pour arriver au&hellip;&nbsp;<a href=\"https:\/\/lorenbar.fr\/index.php\/bons-cadeaux-bons-plans\/\" class=\"\" rel=\"bookmark\">Lire la suite &raquo;<span class=\"screen-reader-text\">Bons cadeaux &#038; Bons plans<\/span><\/a><\/p>\n","protected":false},"author":1,"featured_media":0,"parent":0,"menu_order":0,"comment_status":"closed","ping_status":"closed","template":"","meta":{"_monsterinsights_skip_tracking":false,"_monsterinsights_sitenote_active":false,"_monsterinsights_sitenote_note":"","_monsterinsights_sitenote_category":0,"_themeisle_gutenberg_block_has_review":false,"footnotes":""},"class_list":["post-1408","page","type-page","status-publish","hentry"],"yoast_head":"<!-- This site is optimized with the Yoast SEO plugin v24.6 - https:\/\/yoast.com\/wordpress\/plugins\/seo\/ -->\n<title>Bons cadeaux &amp; Bons plans - L&#039;Or En Bar<\/title>\n<meta name=\"robots\" content=\"index, follow, max-snippet:-1, max-image-preview:large, max-video-preview:-1\" \/>\n<link rel=\"canonical\" href=\"https:\/\/lorenbar.fr\/index.php\/bons-cadeaux-bons-plans\/\" \/>\n<meta property=\"og:locale\" content=\"fr_FR\" \/>\n<meta property=\"og:type\" content=\"article\" \/>\n<meta property=\"og:title\" content=\"Bons cadeaux &amp; Bons plans - L&#039;Or En Bar\" \/>\n<meta property=\"og:description\" content=\"Bons Cadeaux par tranche de 10\u20ac D\u00e9couvrez toutes nos prestations valables sous forme de bons cadeaux, \u00e0 commander sur le site de notre partenaire en cliquant ici. Pour offrir ou vous faire plaisir, d\u00e9couvrez les bons cadeaux L\u2019Or En Bar sous forme de bon d\u2019achat en tranche de 10\u20ac*.\u00a0S\u00e9lectionnez la quantit\u00e9 souhait\u00e9e pour arriver au&hellip;&nbsp;Lire la suite &raquo;Bons cadeaux &#038; Bons plans\" \/>\n<meta property=\"og:url\" content=\"https:\/\/lorenbar.fr\/index.php\/bons-cadeaux-bons-plans\/\" \/>\n<meta property=\"og:site_name\" content=\"L&#039;Or En Bar\" \/>\n<meta property=\"article:modified_time\" content=\"2024-04-29T07:24:56+00:00\" \/>\n<meta property=\"og:image\" content=\"https:\/\/lorenbar.fr\/wp-content\/uploads\/2023\/12\/20231201_213541_0000-300x300.png\" \/>\n<meta name=\"twitter:card\" content=\"summary_large_image\" \/>\n<meta name=\"twitter:label1\" content=\"Dur\u00e9e de lecture estim\u00e9e\" \/>\n\t<meta name=\"twitter:data1\" content=\"1 minute\" \/>\n<script type=\"application\/ld+json\" class=\"yoast-schema-graph\">{\"@context\":\"https:\/\/schema.org\",\"@graph\":[{\"@type\":\"WebPage\",\"@id\":\"https:\/\/lorenbar.fr\/index.php\/bons-cadeaux-bons-plans\/\",\"url\":\"https:\/\/lorenbar.fr\/index.php\/bons-cadeaux-bons-plans\/\",\"name\":\"Bons cadeaux & Bons plans - L&#039;Or En Bar\",\"isPartOf\":{\"@id\":\"https:\/\/lorenbar.fr\/#website\"},\"primaryImageOfPage\":{\"@id\":\"https:\/\/lorenbar.fr\/index.php\/bons-cadeaux-bons-plans\/#primaryimage\"},\"image\":{\"@id\":\"https:\/\/lorenbar.fr\/index.php\/bons-cadeaux-bons-plans\/#primaryimage\"},\"thumbnailUrl\":\"https:\/\/lorenbar.fr\/wp-content\/uploads\/2023\/12\/20231201_213541_0000-300x300.png\",\"datePublished\":\"2020-12-14T13:53:22+00:00\",\"dateModified\":\"2024-04-29T07:24:56+00:00\",\"breadcrumb\":{\"@id\":\"https:\/\/lorenbar.fr\/index.php\/bons-cadeaux-bons-plans\/#breadcrumb\"},\"inLanguage\":\"fr-FR\",\"potentialAction\":[{\"@type\":\"ReadAction\",\"target\":[\"https:\/\/lorenbar.fr\/index.php\/bons-cadeaux-bons-plans\/\"]}]},{\"@type\":\"ImageObject\",\"inLanguage\":\"fr-FR\",\"@id\":\"https:\/\/lorenbar.fr\/index.php\/bons-cadeaux-bons-plans\/#primaryimage\",\"url\":\"https:\/\/lorenbar.fr\/wp-content\/uploads\/2023\/12\/20231201_213541_0000.png\",\"contentUrl\":\"https:\/\/lorenbar.fr\/wp-content\/uploads\/2023\/12\/20231201_213541_0000.png\",\"width\":1080,\"height\":1080},{\"@type\":\"BreadcrumbList\",\"@id\":\"https:\/\/lorenbar.fr\/index.php\/bons-cadeaux-bons-plans\/#breadcrumb\",\"itemListElement\":[{\"@type\":\"ListItem\",\"position\":1,\"name\":\"Accueil\",\"item\":\"https:\/\/lorenbar.fr\/\"},{\"@type\":\"ListItem\",\"position\":2,\"name\":\"Bons cadeaux &#038; Bons plans\"}]},{\"@type\":\"WebSite\",\"@id\":\"https:\/\/lorenbar.fr\/#website\",\"url\":\"https:\/\/lorenbar.fr\/\",\"name\":\"L&#039;Or En Bar\",\"description\":\"Restaurant \u00e0 Contrex\u00e9ville, Vosges\",\"publisher\":{\"@id\":\"https:\/\/lorenbar.fr\/#organization\"},\"potentialAction\":[{\"@type\":\"SearchAction\",\"target\":{\"@type\":\"EntryPoint\",\"urlTemplate\":\"https:\/\/lorenbar.fr\/?s={search_term_string}\"},\"query-input\":{\"@type\":\"PropertyValueSpecification\",\"valueRequired\":true,\"valueName\":\"search_term_string\"}}],\"inLanguage\":\"fr-FR\"},{\"@type\":\"Organization\",\"@id\":\"https:\/\/lorenbar.fr\/#organization\",\"name\":\"L&#039;Or En Bar\",\"url\":\"https:\/\/lorenbar.fr\/\",\"logo\":{\"@type\":\"ImageObject\",\"inLanguage\":\"fr-FR\",\"@id\":\"https:\/\/lorenbar.fr\/#\/schema\/logo\/image\/\",\"url\":\"https:\/\/lorenbar.fr\/wp-content\/uploads\/2020\/04\/LOGO_LOR_EN_BAR_2022-OR-TRANSPARENT-e1764767101730.png\",\"contentUrl\":\"https:\/\/lorenbar.fr\/wp-content\/uploads\/2020\/04\/LOGO_LOR_EN_BAR_2022-OR-TRANSPARENT-e1764767101730.png\",\"width\":100,\"height\":110,\"caption\":\"L&#039;Or En Bar\"},\"image\":{\"@id\":\"https:\/\/lorenbar.fr\/#\/schema\/logo\/image\/\"}}]}<\/script>\n<!-- \/ Yoast SEO plugin. -->","yoast_head_json":{"title":"Bons cadeaux & Bons plans - L&#039;Or En Bar","robots":{"index":"index","follow":"follow","max-snippet":"max-snippet:-1","max-image-preview":"max-image-preview:large","max-video-preview":"max-video-preview:-1"},"canonical":"https:\/\/lorenbar.fr\/index.php\/bons-cadeaux-bons-plans\/","og_locale":"fr_FR","og_type":"article","og_title":"Bons cadeaux & Bons plans - L&#039;Or En Bar","og_description":"Bons Cadeaux par tranche de 10\u20ac D\u00e9couvrez toutes nos prestations valables sous forme de bons cadeaux, \u00e0 commander sur le site de notre partenaire en cliquant ici. Pour offrir ou vous faire plaisir, d\u00e9couvrez les bons cadeaux L\u2019Or En Bar sous forme de bon d\u2019achat en tranche de 10\u20ac*.\u00a0S\u00e9lectionnez la quantit\u00e9 souhait\u00e9e pour arriver au&hellip;&nbsp;Lire la suite &raquo;Bons cadeaux &#038; Bons plans","og_url":"https:\/\/lorenbar.fr\/index.php\/bons-cadeaux-bons-plans\/","og_site_name":"L&#039;Or En Bar","article_modified_time":"2024-04-29T07:24:56+00:00","og_image":[{"url":"https:\/\/lorenbar.fr\/wp-content\/uploads\/2023\/12\/20231201_213541_0000-300x300.png","type":"","width":"","height":""}],"twitter_card":"summary_large_image","twitter_misc":{"Dur\u00e9e de lecture estim\u00e9e":"1 minute"},"schema":{"@context":"https:\/\/schema.org","@graph":[{"@type":"WebPage","@id":"https:\/\/lorenbar.fr\/index.php\/bons-cadeaux-bons-plans\/","url":"https:\/\/lorenbar.fr\/index.php\/bons-cadeaux-bons-plans\/","name":"Bons cadeaux & Bons plans - L&#039;Or En Bar","isPartOf":{"@id":"https:\/\/lorenbar.fr\/#website"},"primaryImageOfPage":{"@id":"https:\/\/lorenbar.fr\/index.php\/bons-cadeaux-bons-plans\/#primaryimage"},"image":{"@id":"https:\/\/lorenbar.fr\/index.php\/bons-cadeaux-bons-plans\/#primaryimage"},"thumbnailUrl":"https:\/\/lorenbar.fr\/wp-content\/uploads\/2023\/12\/20231201_213541_0000-300x300.png","datePublished":"2020-12-14T13:53:22+00:00","dateModified":"2024-04-29T07:24:56+00:00","breadcrumb":{"@id":"https:\/\/lorenbar.fr\/index.php\/bons-cadeaux-bons-plans\/#breadcrumb"},"inLanguage":"fr-FR","potentialAction":[{"@type":"ReadAction","target":["https:\/\/lorenbar.fr\/index.php\/bons-cadeaux-bons-plans\/"]}]},{"@type":"ImageObject","inLanguage":"fr-FR","@id":"https:\/\/lorenbar.fr\/index.php\/bons-cadeaux-bons-plans\/#primaryimage","url":"https:\/\/lorenbar.fr\/wp-content\/uploads\/2023\/12\/20231201_213541_0000.png","contentUrl":"https:\/\/lorenbar.fr\/wp-content\/uploads\/2023\/12\/20231201_213541_0000.png","width":1080,"height":1080},{"@type":"BreadcrumbList","@id":"https:\/\/lorenbar.fr\/index.php\/bons-cadeaux-bons-plans\/#breadcrumb","itemListElement":[{"@type":"ListItem","position":1,"name":"Accueil","item":"https:\/\/lorenbar.fr\/"},{"@type":"ListItem","position":2,"name":"Bons cadeaux &#038; Bons plans"}]},{"@type":"WebSite","@id":"https:\/\/lorenbar.fr\/#website","url":"https:\/\/lorenbar.fr\/","name":"L&#039;Or En Bar","description":"Restaurant \u00e0 Contrex\u00e9ville, Vosges","publisher":{"@id":"https:\/\/lorenbar.fr\/#organization"},"potentialAction":[{"@type":"SearchAction","target":{"@type":"EntryPoint","urlTemplate":"https:\/\/lorenbar.fr\/?s={search_term_string}"},"query-input":{"@type":"PropertyValueSpecification","valueRequired":true,"valueName":"search_term_string"}}],"inLanguage":"fr-FR"},{"@type":"Organization","@id":"https:\/\/lorenbar.fr\/#organization","name":"L&#039;Or En Bar","url":"https:\/\/lorenbar.fr\/","logo":{"@type":"ImageObject","inLanguage":"fr-FR","@id":"https:\/\/lorenbar.fr\/#\/schema\/logo\/image\/","url":"https:\/\/lorenbar.fr\/wp-content\/uploads\/2020\/04\/LOGO_LOR_EN_BAR_2022-OR-TRANSPARENT-e1764767101730.png","contentUrl":"https:\/\/lorenbar.fr\/wp-content\/uploads\/2020\/04\/LOGO_LOR_EN_BAR_2022-OR-TRANSPARENT-e1764767101730.png","width":100,"height":110,"caption":"L&#039;Or En Bar"},"image":{"@id":"https:\/\/lorenbar.fr\/#\/schema\/logo\/image\/"}}]}},"_links":{"self":[{"href":"https:\/\/lorenbar.fr\/index.php\/wp-json\/wp\/v2\/pages\/1408","targetHints":{"allow":["GET"]}}],"collection":[{"href":"https:\/\/lorenbar.fr\/index.php\/wp-json\/wp\/v2\/pages"}],"about":[{"href":"https:\/\/lorenbar.fr\/index.php\/wp-json\/wp\/v2\/types\/page"}],"author":[{"embeddable":true,"href":"https:\/\/lorenbar.fr\/index.php\/wp-json\/wp\/v2\/users\/1"}],"replies":[{"embeddable":true,"href":"https:\/\/lorenbar.fr\/index.php\/wp-json\/wp\/v2\/comments?post=1408"}],"version-history":[{"count":17,"href":"https:\/\/lorenbar.fr\/index.php\/wp-json\/wp\/v2\/pages\/1408\/revisions"}],"predecessor-version":[{"id":2210,"href":"https:\/\/lorenbar.fr\/index.php\/wp-json\/wp\/v2\/pages\/1408\/revisions\/2210"}],"wp:attachment":[{"href":"https:\/\/lorenbar.fr\/index.php\/wp-json\/wp\/v2\/media?parent=1408"}],"curies":[{"name":"wp","href":"https:\/\/api.w.org\/{rel}","templated":true}]}}