{"id":887,"date":"2020-03-31T18:17:28","date_gmt":"2020-03-31T16:17:28","guid":{"rendered":"https:\/\/lorenbar.fr\/?page_id=887"},"modified":"2025-02-05T13:35:47","modified_gmt":"2025-02-05T12:35:47","slug":"galerie-photos","status":"publish","type":"page","link":"https:\/\/lorenbar.fr\/index.php\/restaurant\/galerie-photos\/","title":{"rendered":"Galerie Photos"},"content":{"rendered":"\t\t<div data-elementor-type=\"wp-page\" data-elementor-id=\"887\" class=\"elementor elementor-887\">\n\t\t\t\t\t\t<div class=\"elementor-inner\">\n\t\t\t\t<div class=\"elementor-section-wrap\">\n\t\t\t\t\t\t\t\t\t<section class=\"elementor-section elementor-top-section elementor-element elementor-element-cf9164f elementor-section-boxed elementor-section-height-default elementor-section-height-default\" data-id=\"cf9164f\" data-element_type=\"section\">\n\t\t\t\t\t\t<div class=\"elementor-container elementor-column-gap-default\">\n\t\t\t\t\t\t\t<div class=\"elementor-row\">\n\t\t\t\t\t<div class=\"elementor-column elementor-col-100 elementor-top-column elementor-element elementor-element-c301fbd\" data-id=\"c301fbd\" data-element_type=\"column\">\n\t\t\t<div class=\"elementor-column-wrap elementor-element-populated\">\n\t\t\t\t\t\t\t<div class=\"elementor-widget-wrap\">\n\t\t\t\t\t\t<div class=\"elementor-element elementor-element-f3a8c1f elementor-arrows-position-inside elementor-pagination-position-outside elementor-widget elementor-widget-image-carousel\" data-id=\"f3a8c1f\" data-element_type=\"widget\" data-settings=\"{&quot;slides_to_show&quot;:&quot;1&quot;,&quot;navigation&quot;:&quot;both&quot;,&quot;autoplay&quot;:&quot;yes&quot;,&quot;pause_on_hover&quot;:&quot;yes&quot;,&quot;pause_on_interaction&quot;:&quot;yes&quot;,&quot;autoplay_speed&quot;:5000,&quot;infinite&quot;:&quot;yes&quot;,&quot;effect&quot;:&quot;slide&quot;,&quot;speed&quot;:500}\" data-widget_type=\"image-carousel.default\">\n\t\t\t\t<div class=\"elementor-widget-container\">\n\t\t\t\t\t<div class=\"elementor-image-carousel-wrapper swiper-container\" dir=\"ltr\">\n\t\t\t<div class=\"elementor-image-carousel swiper-wrapper\">\n\t\t\t\t\t\t\t\t<div class=\"swiper-slide\"><figure class=\"swiper-slide-inner\"><img decoding=\"async\" class=\"swiper-slide-image\" src=\"https:\/\/lorenbar.fr\/wp-content\/uploads\/2020\/08\/lorenbar-vins-galerie-thermale-768x480.jpg\" alt=\"@cr\u00e9dit photo : Yenou Andr\u00e9 Photographie\" \/><figcaption class=\"elementor-image-carousel-caption\">@cr\u00e9dit photo : Yenou Andr\u00e9 Photographie<\/figcaption><\/figure><\/div><div class=\"swiper-slide\"><figure class=\"swiper-slide-inner\"><img decoding=\"async\" class=\"swiper-slide-image\" src=\"https:\/\/lorenbar.fr\/wp-content\/uploads\/2020\/08\/lorenbar-galerie-thermale-contrex-e1764766138149-768x577.jpg\" alt=\"@cr\u00e9dit photo : Yenou Andr\u00e9 Photographie\" \/><figcaption class=\"elementor-image-carousel-caption\">@cr\u00e9dit photo : Yenou Andr\u00e9 Photographie<\/figcaption><\/figure><\/div><div class=\"swiper-slide\"><figure class=\"swiper-slide-inner\"><img decoding=\"async\" class=\"swiper-slide-image\" src=\"https:\/\/lorenbar.fr\/wp-content\/uploads\/2020\/08\/chateau-chalon-vin-cave-768x725.jpg\" alt=\"@cr\u00e9dit photo : Yenou Andr\u00e9 Photographie\" \/><figcaption class=\"elementor-image-carousel-caption\">@cr\u00e9dit photo : Yenou Andr\u00e9 Photographie<\/figcaption><\/figure><\/div><div class=\"swiper-slide\"><figure class=\"swiper-slide-inner\"><img decoding=\"async\" class=\"swiper-slide-image\" src=\"https:\/\/lorenbar.fr\/wp-content\/uploads\/2020\/08\/bar-a-vin-lorenbar-interieur-768x512.jpg\" alt=\"@cr\u00e9dit photo : Yenou Andr\u00e9 Photographie\" \/><figcaption class=\"elementor-image-carousel-caption\">@cr\u00e9dit photo : Yenou Andr\u00e9 Photographie<\/figcaption><\/figure><\/div><div class=\"swiper-slide\"><figure class=\"swiper-slide-inner\"><img decoding=\"async\" class=\"swiper-slide-image\" src=\"https:\/\/lorenbar.fr\/wp-content\/uploads\/2020\/08\/ardoise-menus-lorenbar-768x603.jpg\" alt=\"@cr\u00e9dit photo : Yenou Andr\u00e9 Photographie\" \/><figcaption class=\"elementor-image-carousel-caption\">@cr\u00e9dit photo : Yenou Andr\u00e9 Photographie<\/figcaption><\/figure><\/div><div class=\"swiper-slide\"><figure class=\"swiper-slide-inner\"><img decoding=\"async\" class=\"swiper-slide-image\" src=\"https:\/\/lorenbar.fr\/wp-content\/uploads\/2020\/08\/terrasse-lorenbar-e1764766221299-768x576.jpg\" alt=\"@cr\u00e9dit photo : Yenou Andr\u00e9 Photographie\" \/><figcaption class=\"elementor-image-carousel-caption\">@cr\u00e9dit photo : Yenou Andr\u00e9 Photographie<\/figcaption><\/figure><\/div><div class=\"swiper-slide\"><figure class=\"swiper-slide-inner\"><img decoding=\"async\" class=\"swiper-slide-image\" src=\"https:\/\/lorenbar.fr\/wp-content\/uploads\/2020\/08\/lorenbar-galerie-thermale-contrex-1-768x461.jpg\" alt=\"@cr\u00e9dit photo : Yenou Andr\u00e9 Photographie\" \/><figcaption class=\"elementor-image-carousel-caption\">@cr\u00e9dit photo : Yenou Andr\u00e9 Photographie<\/figcaption><\/figure><\/div>\t\t\t<\/div>\n\t\t\t\t\t\t\t\t\t\t\t\t<div class=\"swiper-pagination\"><\/div>\n\t\t\t\t\t\t\t\t\t\t\t\t\t<div class=\"elementor-swiper-button elementor-swiper-button-prev\">\n\t\t\t\t\t\t<i aria-hidden=\"true\" class=\"eicon-chevron-left\"><\/i>\t\t\t\t\t\t<span class=\"elementor-screen-only\">Pr\u00e9c\u00e9dent<\/span>\n\t\t\t\t\t<\/div>\n\t\t\t\t\t<div class=\"elementor-swiper-button elementor-swiper-button-next\">\n\t\t\t\t\t\t<i aria-hidden=\"true\" class=\"eicon-chevron-right\"><\/i>\t\t\t\t\t\t<span class=\"elementor-screen-only\">Suivant<\/span>\n\t\t\t\t\t<\/div>\n\t\t\t\t\t\t\t\t\t<\/div>\n\t\t\t\t<\/div>\n\t\t\t\t<\/div>\n\t\t\t\t\t\t<\/div>\n\t\t\t\t\t<\/div>\n\t\t<\/div>\n\t\t\t\t\t\t\t\t<\/div>\n\t\t\t\t\t<\/div>\n\t\t<\/section>\n\t\t\t\t\t\t\t\t\t<\/div>\n\t\t\t<\/div>\n\t\t\t\t\t<\/div>\n\t\t","protected":false},"excerpt":{"rendered":"<p>@cr\u00e9dit photo : Yenou Andr\u00e9 Photographie @cr\u00e9dit photo : Yenou Andr\u00e9 Photographie @cr\u00e9dit photo : Yenou Andr\u00e9 Photographie @cr\u00e9dit photo : Yenou Andr\u00e9 Photographie @cr\u00e9dit photo : Yenou Andr\u00e9 Photographie @cr\u00e9dit photo : Yenou Andr\u00e9 Photographie @cr\u00e9dit photo : Yenou Andr\u00e9 Photographie Pr\u00e9c\u00e9dent Suivant<\/p>\n","protected":false},"author":1,"featured_media":0,"parent":2,"menu_order":0,"comment_status":"closed","ping_status":"closed","template":"","meta":{"_monsterinsights_skip_tracking":false,"_monsterinsights_sitenote_active":false,"_monsterinsights_sitenote_note":"","_monsterinsights_sitenote_category":0,"_themeisle_gutenberg_block_has_review":false,"footnotes":""},"class_list":["post-887","page","type-page","status-publish","hentry"],"yoast_head":"<!-- This site is optimized with the Yoast SEO plugin v24.6 - https:\/\/yoast.com\/wordpress\/plugins\/seo\/ -->\n<title>Galerie Photos - L&#039;Or En Bar<\/title>\n<meta name=\"robots\" content=\"index, follow, max-snippet:-1, max-image-preview:large, max-video-preview:-1\" \/>\n<link rel=\"canonical\" href=\"https:\/\/lorenbar.fr\/index.php\/restaurant\/galerie-photos\/\" \/>\n<meta property=\"og:locale\" content=\"fr_FR\" \/>\n<meta property=\"og:type\" content=\"article\" \/>\n<meta property=\"og:title\" content=\"Galerie Photos - L&#039;Or En Bar\" \/>\n<meta property=\"og:description\" content=\"@cr\u00e9dit photo : Yenou Andr\u00e9 Photographie @cr\u00e9dit photo : Yenou Andr\u00e9 Photographie @cr\u00e9dit photo : Yenou Andr\u00e9 Photographie @cr\u00e9dit photo : Yenou Andr\u00e9 Photographie @cr\u00e9dit photo : Yenou Andr\u00e9 Photographie @cr\u00e9dit photo : Yenou Andr\u00e9 Photographie @cr\u00e9dit photo : Yenou Andr\u00e9 Photographie Pr\u00e9c\u00e9dent Suivant\" \/>\n<meta property=\"og:url\" content=\"https:\/\/lorenbar.fr\/index.php\/restaurant\/galerie-photos\/\" \/>\n<meta property=\"og:site_name\" content=\"L&#039;Or En Bar\" \/>\n<meta property=\"article:modified_time\" content=\"2025-02-05T12:35:47+00:00\" \/>\n<meta property=\"og:image\" content=\"https:\/\/lorenbar.fr\/wp-content\/uploads\/2020\/08\/lorenbar-vins-galerie-thermale-768x480.jpg\" \/>\n<meta name=\"twitter:card\" content=\"summary_large_image\" \/>\n<script type=\"application\/ld+json\" class=\"yoast-schema-graph\">{\"@context\":\"https:\/\/schema.org\",\"@graph\":[{\"@type\":\"WebPage\",\"@id\":\"https:\/\/lorenbar.fr\/index.php\/restaurant\/galerie-photos\/\",\"url\":\"https:\/\/lorenbar.fr\/index.php\/restaurant\/galerie-photos\/\",\"name\":\"Galerie Photos - L&#039;Or En Bar\",\"isPartOf\":{\"@id\":\"https:\/\/lorenbar.fr\/#website\"},\"primaryImageOfPage\":{\"@id\":\"https:\/\/lorenbar.fr\/index.php\/restaurant\/galerie-photos\/#primaryimage\"},\"image\":{\"@id\":\"https:\/\/lorenbar.fr\/index.php\/restaurant\/galerie-photos\/#primaryimage\"},\"thumbnailUrl\":\"https:\/\/lorenbar.fr\/wp-content\/uploads\/2020\/08\/lorenbar-vins-galerie-thermale-768x480.jpg\",\"datePublished\":\"2020-03-31T16:17:28+00:00\",\"dateModified\":\"2025-02-05T12:35:47+00:00\",\"breadcrumb\":{\"@id\":\"https:\/\/lorenbar.fr\/index.php\/restaurant\/galerie-photos\/#breadcrumb\"},\"inLanguage\":\"fr-FR\",\"potentialAction\":[{\"@type\":\"ReadAction\",\"target\":[\"https:\/\/lorenbar.fr\/index.php\/restaurant\/galerie-photos\/\"]}]},{\"@type\":\"ImageObject\",\"inLanguage\":\"fr-FR\",\"@id\":\"https:\/\/lorenbar.fr\/index.php\/restaurant\/galerie-photos\/#primaryimage\",\"url\":\"https:\/\/lorenbar.fr\/wp-content\/uploads\/2020\/08\/lorenbar-vins-galerie-thermale.jpg\",\"contentUrl\":\"https:\/\/lorenbar.fr\/wp-content\/uploads\/2020\/08\/lorenbar-vins-galerie-thermale.jpg\",\"width\":2048,\"height\":1280,\"caption\":\"@cr\u00e9dit photo : Yenou Andr\u00e9 Photographie\"},{\"@type\":\"BreadcrumbList\",\"@id\":\"https:\/\/lorenbar.fr\/index.php\/restaurant\/galerie-photos\/#breadcrumb\",\"itemListElement\":[{\"@type\":\"ListItem\",\"position\":1,\"name\":\"Accueil\",\"item\":\"https:\/\/lorenbar.fr\/\"},{\"@type\":\"ListItem\",\"position\":2,\"name\":\"Le restaurant\",\"item\":\"https:\/\/lorenbar.fr\/index.php\/restaurant\/\"},{\"@type\":\"ListItem\",\"position\":3,\"name\":\"Galerie Photos\"}]},{\"@type\":\"WebSite\",\"@id\":\"https:\/\/lorenbar.fr\/#website\",\"url\":\"https:\/\/lorenbar.fr\/\",\"name\":\"L&#039;Or En Bar\",\"description\":\"Restaurant \u00e0 Contrex\u00e9ville, Vosges\",\"publisher\":{\"@id\":\"https:\/\/lorenbar.fr\/#organization\"},\"potentialAction\":[{\"@type\":\"SearchAction\",\"target\":{\"@type\":\"EntryPoint\",\"urlTemplate\":\"https:\/\/lorenbar.fr\/?s={search_term_string}\"},\"query-input\":{\"@type\":\"PropertyValueSpecification\",\"valueRequired\":true,\"valueName\":\"search_term_string\"}}],\"inLanguage\":\"fr-FR\"},{\"@type\":\"Organization\",\"@id\":\"https:\/\/lorenbar.fr\/#organization\",\"name\":\"L&#039;Or En Bar\",\"url\":\"https:\/\/lorenbar.fr\/\",\"logo\":{\"@type\":\"ImageObject\",\"inLanguage\":\"fr-FR\",\"@id\":\"https:\/\/lorenbar.fr\/#\/schema\/logo\/image\/\",\"url\":\"https:\/\/lorenbar.fr\/wp-content\/uploads\/2020\/04\/LOGO_LOR_EN_BAR_2022-OR-TRANSPARENT-e1764767101730.png\",\"contentUrl\":\"https:\/\/lorenbar.fr\/wp-content\/uploads\/2020\/04\/LOGO_LOR_EN_BAR_2022-OR-TRANSPARENT-e1764767101730.png\",\"width\":100,\"height\":110,\"caption\":\"L&#039;Or En Bar\"},\"image\":{\"@id\":\"https:\/\/lorenbar.fr\/#\/schema\/logo\/image\/\"}}]}<\/script>\n<!-- \/ Yoast SEO plugin. -->","yoast_head_json":{"title":"Galerie Photos - L&#039;Or En Bar","robots":{"index":"index","follow":"follow","max-snippet":"max-snippet:-1","max-image-preview":"max-image-preview:large","max-video-preview":"max-video-preview:-1"},"canonical":"https:\/\/lorenbar.fr\/index.php\/restaurant\/galerie-photos\/","og_locale":"fr_FR","og_type":"article","og_title":"Galerie Photos - L&#039;Or En Bar","og_description":"@cr\u00e9dit photo : Yenou Andr\u00e9 Photographie @cr\u00e9dit photo : Yenou Andr\u00e9 Photographie @cr\u00e9dit photo : Yenou Andr\u00e9 Photographie @cr\u00e9dit photo : Yenou Andr\u00e9 Photographie @cr\u00e9dit photo : Yenou Andr\u00e9 Photographie @cr\u00e9dit photo : Yenou Andr\u00e9 Photographie @cr\u00e9dit photo : Yenou Andr\u00e9 Photographie Pr\u00e9c\u00e9dent Suivant","og_url":"https:\/\/lorenbar.fr\/index.php\/restaurant\/galerie-photos\/","og_site_name":"L&#039;Or En Bar","article_modified_time":"2025-02-05T12:35:47+00:00","og_image":[{"url":"https:\/\/lorenbar.fr\/wp-content\/uploads\/2020\/08\/lorenbar-vins-galerie-thermale-768x480.jpg","type":"","width":"","height":""}],"twitter_card":"summary_large_image","schema":{"@context":"https:\/\/schema.org","@graph":[{"@type":"WebPage","@id":"https:\/\/lorenbar.fr\/index.php\/restaurant\/galerie-photos\/","url":"https:\/\/lorenbar.fr\/index.php\/restaurant\/galerie-photos\/","name":"Galerie Photos - L&#039;Or En Bar","isPartOf":{"@id":"https:\/\/lorenbar.fr\/#website"},"primaryImageOfPage":{"@id":"https:\/\/lorenbar.fr\/index.php\/restaurant\/galerie-photos\/#primaryimage"},"image":{"@id":"https:\/\/lorenbar.fr\/index.php\/restaurant\/galerie-photos\/#primaryimage"},"thumbnailUrl":"https:\/\/lorenbar.fr\/wp-content\/uploads\/2020\/08\/lorenbar-vins-galerie-thermale-768x480.jpg","datePublished":"2020-03-31T16:17:28+00:00","dateModified":"2025-02-05T12:35:47+00:00","breadcrumb":{"@id":"https:\/\/lorenbar.fr\/index.php\/restaurant\/galerie-photos\/#breadcrumb"},"inLanguage":"fr-FR","potentialAction":[{"@type":"ReadAction","target":["https:\/\/lorenbar.fr\/index.php\/restaurant\/galerie-photos\/"]}]},{"@type":"ImageObject","inLanguage":"fr-FR","@id":"https:\/\/lorenbar.fr\/index.php\/restaurant\/galerie-photos\/#primaryimage","url":"https:\/\/lorenbar.fr\/wp-content\/uploads\/2020\/08\/lorenbar-vins-galerie-thermale.jpg","contentUrl":"https:\/\/lorenbar.fr\/wp-content\/uploads\/2020\/08\/lorenbar-vins-galerie-thermale.jpg","width":2048,"height":1280,"caption":"@cr\u00e9dit photo : Yenou Andr\u00e9 Photographie"},{"@type":"BreadcrumbList","@id":"https:\/\/lorenbar.fr\/index.php\/restaurant\/galerie-photos\/#breadcrumb","itemListElement":[{"@type":"ListItem","position":1,"name":"Accueil","item":"https:\/\/lorenbar.fr\/"},{"@type":"ListItem","position":2,"name":"Le restaurant","item":"https:\/\/lorenbar.fr\/index.php\/restaurant\/"},{"@type":"ListItem","position":3,"name":"Galerie Photos"}]},{"@type":"WebSite","@id":"https:\/\/lorenbar.fr\/#website","url":"https:\/\/lorenbar.fr\/","name":"L&#039;Or En Bar","description":"Restaurant \u00e0 Contrex\u00e9ville, Vosges","publisher":{"@id":"https:\/\/lorenbar.fr\/#organization"},"potentialAction":[{"@type":"SearchAction","target":{"@type":"EntryPoint","urlTemplate":"https:\/\/lorenbar.fr\/?s={search_term_string}"},"query-input":{"@type":"PropertyValueSpecification","valueRequired":true,"valueName":"search_term_string"}}],"inLanguage":"fr-FR"},{"@type":"Organization","@id":"https:\/\/lorenbar.fr\/#organization","name":"L&#039;Or En Bar","url":"https:\/\/lorenbar.fr\/","logo":{"@type":"ImageObject","inLanguage":"fr-FR","@id":"https:\/\/lorenbar.fr\/#\/schema\/logo\/image\/","url":"https:\/\/lorenbar.fr\/wp-content\/uploads\/2020\/04\/LOGO_LOR_EN_BAR_2022-OR-TRANSPARENT-e1764767101730.png","contentUrl":"https:\/\/lorenbar.fr\/wp-content\/uploads\/2020\/04\/LOGO_LOR_EN_BAR_2022-OR-TRANSPARENT-e1764767101730.png","width":100,"height":110,"caption":"L&#039;Or En Bar"},"image":{"@id":"https:\/\/lorenbar.fr\/#\/schema\/logo\/image\/"}}]}},"_links":{"self":[{"href":"https:\/\/lorenbar.fr\/index.php\/wp-json\/wp\/v2\/pages\/887","targetHints":{"allow":["GET"]}}],"collection":[{"href":"https:\/\/lorenbar.fr\/index.php\/wp-json\/wp\/v2\/pages"}],"about":[{"href":"https:\/\/lorenbar.fr\/index.php\/wp-json\/wp\/v2\/types\/page"}],"author":[{"embeddable":true,"href":"https:\/\/lorenbar.fr\/index.php\/wp-json\/wp\/v2\/users\/1"}],"replies":[{"embeddable":true,"href":"https:\/\/lorenbar.fr\/index.php\/wp-json\/wp\/v2\/comments?post=887"}],"version-history":[{"count":5,"href":"https:\/\/lorenbar.fr\/index.php\/wp-json\/wp\/v2\/pages\/887\/revisions"}],"predecessor-version":[{"id":2383,"href":"https:\/\/lorenbar.fr\/index.php\/wp-json\/wp\/v2\/pages\/887\/revisions\/2383"}],"up":[{"embeddable":true,"href":"https:\/\/lorenbar.fr\/index.php\/wp-json\/wp\/v2\/pages\/2"}],"wp:attachment":[{"href":"https:\/\/lorenbar.fr\/index.php\/wp-json\/wp\/v2\/media?parent=887"}],"curies":[{"name":"wp","href":"https:\/\/api.w.org\/{rel}","templated":true}]}}